{"id":105,"date":"2021-10-30T10:09:46","date_gmt":"2021-10-30T10:09:46","guid":{"rendered":"https:\/\/kits.themecy.com\/memberships-3\/?page_id=105"},"modified":"2025-07-25T16:31:10","modified_gmt":"2025-07-25T08:31:10","slug":"download","status":"publish","type":"page","link":"https:\/\/www.luminousdecors.com\/es\/download\/","title":{"rendered":"Descargas"},"content":{"rendered":"<style>.kb-row-layout-id105_514dad-1a > .kt-row-column-wrap{align-content:start;}:where(.kb-row-layout-id105_514dad-1a > .kt-row-column-wrap) > .wp-block-kadence-column{justify-content:start;}.kb-row-layout-id105_514dad-1a > .kt-row-column-wrap{column-gap:var(--global-kb-gap-md, 2rem);row-gap:var(--global-kb-gap-md, 2rem);max-width:900px;margin-left:auto;margin-right:auto;padding-top:30px;padding-right:0px;padding-bottom:30px;padding-left:0px;grid-template-columns:minmax(0, 1fr);}.kb-row-layout-id105_514dad-1a{background-color:rgba(245,246,248,0.62);}.kb-row-layout-id105_514dad-1a > .kt-row-layout-overlay{opacity:0.00;background:linear-gradient(270deg,var(--global-palette9) 0%,var(--global-palette8) 0%);}@media all and (max-width: 1024px){.kb-row-layout-id105_514dad-1a > .kt-row-column-wrap{padding-top:120px;padding-right:20px;padding-bottom:60px;padding-left:20px;grid-template-columns:minmax(0, 1fr);}}@media all and (max-width: 767px){.kb-row-layout-id105_514dad-1a > .kt-row-column-wrap{padding-top:60px;padding-right:30px;padding-bottom:40px;padding-left:30px;grid-template-columns:minmax(0, 1fr);}}<\/style><div class=\"kb-row-layout-wrap kb-row-layout-id105_514dad-1a alignnone kt-row-has-bg wp-block-kadence-rowlayout\"><div class=\"kt-row-layout-overlay kt-row-overlay-gradient\"><\/div><div class=\"kt-row-column-wrap kt-has-1-columns kt-row-layout-equal kt-tab-layout-inherit kt-mobile-layout-row kt-row-valign-top\">\n<style>.kadence-column105_d8aa9e-f1 > .kt-inside-inner-col,.kadence-column105_d8aa9e-f1 > .kt-inside-inner-col:before{border-top-left-radius:0px;border-top-right-radius:0px;border-bottom-right-radius:0px;border-bottom-left-radius:0px;}.kadence-column105_d8aa9e-f1 > .kt-inside-inner-col{column-gap:var(--global-kb-gap-sm, 1rem);}.kadence-column105_d8aa9e-f1 > .kt-inside-inner-col{flex-direction:column;}.kadence-column105_d8aa9e-f1 > .kt-inside-inner-col > .aligncenter{width:100%;}.kadence-column105_d8aa9e-f1 > .kt-inside-inner-col:before{opacity:0.3;}.kadence-column105_d8aa9e-f1{position:relative;}@media all and (max-width: 1024px){.kadence-column105_d8aa9e-f1 > .kt-inside-inner-col{flex-direction:column;justify-content:center;}}@media all and (max-width: 767px){.kadence-column105_d8aa9e-f1 > .kt-inside-inner-col{flex-direction:column;justify-content:center;}}<\/style>\n<div class=\"wp-block-kadence-column kadence-column105_d8aa9e-f1 inner-column-1\"><div class=\"kt-inside-inner-col\"><style>.wp-block-kadence-advancedheading.kt-adv-heading105_c3e808-31, .wp-block-kadence-advancedheading.kt-adv-heading105_c3e808-31[data-kb-block=\"kb-adv-heading105_c3e808-31\"]{margin-top:0px;text-align:center;line-height:68px;font-style:normal;}.wp-block-kadence-advancedheading.kt-adv-heading105_c3e808-31 mark.kt-highlight, .wp-block-kadence-advancedheading.kt-adv-heading105_c3e808-31[data-kb-block=\"kb-adv-heading105_c3e808-31\"] mark.kt-highlight{font-style:normal;color:#f76a0c;-webkit-box-decoration-break:clone;box-decoration-break:clone;padding-top:0px;padding-right:0px;padding-bottom:0px;padding-left:0px;}@media all and (max-width: 767px){.wp-block-kadence-advancedheading.kt-adv-heading105_c3e808-31, .wp-block-kadence-advancedheading.kt-adv-heading105_c3e808-31[data-kb-block=\"kb-adv-heading105_c3e808-31\"]{font-size:var(--global-kb-font-size-xl, 3rem);line-height:48px;}}<\/style>\n<h1 class=\"kt-adv-heading105_c3e808-31 wp-block-kadence-advancedheading\" data-kb-block=\"kb-adv-heading105_c3e808-31\">Descarga de documentos<\/h1>\n\n\n<style>.wp-block-kadence-advancedheading.kt-adv-heading105_93b09b-04, .wp-block-kadence-advancedheading.kt-adv-heading105_93b09b-04[data-kb-block=\"kb-adv-heading105_93b09b-04\"]{text-align:center;font-style:normal;}.wp-block-kadence-advancedheading.kt-adv-heading105_93b09b-04 mark.kt-highlight, .wp-block-kadence-advancedheading.kt-adv-heading105_93b09b-04[data-kb-block=\"kb-adv-heading105_93b09b-04\"] mark.kt-highlight{font-style:normal;color:#f76a0c;-webkit-box-decoration-break:clone;box-decoration-break:clone;padding-top:0px;padding-right:0px;padding-bottom:0px;padding-left:0px;}<\/style>\n<p class=\"kt-adv-heading105_93b09b-04 wp-block-kadence-advancedheading\" data-kb-block=\"kb-adv-heading105_93b09b-04\"><em>Descargue cat\u00e1logos, informaci\u00f3n sobre productos, manuales de usuario, certificados y mucho m\u00e1s.<\/em><\/p>\n<\/div><\/div>\n\n<\/div><\/div>\n\n<style>.kb-row-layout-id105_dd5545-8d > .kt-row-column-wrap{align-content:start;}:where(.kb-row-layout-id105_dd5545-8d > .kt-row-column-wrap) > .wp-block-kadence-column{justify-content:start;}.kb-row-layout-id105_dd5545-8d > .kt-row-column-wrap{column-gap:var(--global-kb-gap-md, 2rem);row-gap:var(--global-kb-gap-md, 2rem);max-width:var( --global-content-width, 1290px );padding-left:var(--global-content-edge-padding);padding-right:var(--global-content-edge-padding);padding-top:35px;padding-right:20px;padding-bottom:39px;padding-left:20px;grid-template-columns:minmax(0, 1fr);}.kb-row-layout-id105_dd5545-8d > .kt-row-layout-overlay{opacity:0.30;}@media all and (max-width: 1024px){.kb-row-layout-id105_dd5545-8d > .kt-row-column-wrap{padding-top:60px;padding-right:30px;padding-bottom:60px;padding-left:30px;grid-template-columns:minmax(0, 1fr);}}@media all and (max-width: 767px){.kb-row-layout-id105_dd5545-8d > .kt-row-column-wrap{padding-top:60px;padding-right:30px;padding-bottom:60px;padding-left:30px;grid-template-columns:minmax(0, 1fr);}}<\/style><div class=\"kb-row-layout-wrap kb-row-layout-id105_dd5545-8d alignnone has-theme-palette8-background-color kt-row-has-bg wp-block-kadence-rowlayout\"><div class=\"kt-row-column-wrap kt-has-1-columns kt-row-layout-equal kt-tab-layout-inherit kt-mobile-layout-row kt-row-valign-top kb-theme-content-width\">\n<style>.kadence-column105_a1ae21-15 > .kt-inside-inner-col,.kadence-column105_a1ae21-15 > .kt-inside-inner-col:before{border-top-left-radius:0px;border-top-right-radius:0px;border-bottom-right-radius:0px;border-bottom-left-radius:0px;}.kadence-column105_a1ae21-15 > .kt-inside-inner-col{column-gap:var(--global-kb-gap-sm, 1rem);}.kadence-column105_a1ae21-15 > .kt-inside-inner-col{flex-direction:column;}.kadence-column105_a1ae21-15 > .kt-inside-inner-col > .aligncenter{width:100%;}.kadence-column105_a1ae21-15 > .kt-inside-inner-col:before{opacity:0.3;}.kadence-column105_a1ae21-15{position:relative;}@media all and (max-width: 1024px){.kadence-column105_a1ae21-15 > .kt-inside-inner-col{flex-direction:column;justify-content:center;}}@media all and (max-width: 767px){.kadence-column105_a1ae21-15 > .kt-inside-inner-col{flex-direction:column;justify-content:center;}}<\/style>\n<div class=\"wp-block-kadence-column kadence-column105_a1ae21-15\"><div class=\"kt-inside-inner-col\"><\/div><\/div>\n\n<\/div><\/div>","protected":false},"excerpt":{"rendered":"<p>Descarga de documentos Descargue cat\u00e1logos, informaci\u00f3n sobre productos, manuales de usuario, certificados y mucho m\u00e1s.<\/p>","protected":false},"author":1,"featured_media":687,"parent":0,"menu_order":0,"comment_status":"closed","ping_status":"closed","template":"","meta":{"_kadence_starter_templates_imported_post":true,"_kad_post_transparent":"","_kad_post_title":"hide","_kad_post_layout":"fullwidth","_kad_post_sidebar_id":"","_kad_post_content_style":"unboxed","_kad_post_vertical_padding":"hide","_kad_post_feature":"hide","_kad_post_feature_position":"","_kad_post_header":false,"_kad_post_footer":false,"footnotes":""},"class_list":["post-105","page","type-page","status-publish","has-post-thumbnail","hentry"],"_links":{"self":[{"href":"https:\/\/www.luminousdecors.com\/es\/wp-json\/wp\/v2\/pages\/105","targetHints":{"allow":["GET"]}}],"collection":[{"href":"https:\/\/www.luminousdecors.com\/es\/wp-json\/wp\/v2\/pages"}],"about":[{"href":"https:\/\/www.luminousdecors.com\/es\/wp-json\/wp\/v2\/types\/page"}],"author":[{"embeddable":true,"href":"https:\/\/www.luminousdecors.com\/es\/wp-json\/wp\/v2\/users\/1"}],"replies":[{"embeddable":true,"href":"https:\/\/www.luminousdecors.com\/es\/wp-json\/wp\/v2\/comments?post=105"}],"version-history":[{"count":4,"href":"https:\/\/www.luminousdecors.com\/es\/wp-json\/wp\/v2\/pages\/105\/revisions"}],"predecessor-version":[{"id":1082,"href":"https:\/\/www.luminousdecors.com\/es\/wp-json\/wp\/v2\/pages\/105\/revisions\/1082"}],"wp:featuredmedia":[{"embeddable":true,"href":"https:\/\/www.luminousdecors.com\/es\/wp-json\/wp\/v2\/media\/687"}],"wp:attachment":[{"href":"https:\/\/www.luminousdecors.com\/es\/wp-json\/wp\/v2\/media?parent=105"}],"curies":[{"name":"wp","href":"https:\/\/api.w.org\/{rel}","templated":true}]}}